{"id":975,"date":"2021-03-29T18:49:58","date_gmt":"2021-04-07T07:34:42","guid":{"rendered":"https:\/\/nordbornverlag.de\/produkt\/janis-lusens-jubilate-deo-full-score-with-parts\/"},"modified":"2022-01-30T20:02:30","modified_gmt":"2022-01-30T20:02:30","slug":"janis-lusens-jubilate-deo-full-score-with-parts","status":"publish","type":"product","link":"https:\/\/nordbornverlag.de\/en\/produkt\/janis-lusens-jubilate-deo-full-score-with-parts\/","title":{"rendered":"J\u0101nis L\u016bs\u0113ns &#8211; Jubilate Deo &#8211; Full Score with Parts"},"content":{"rendered":"<p>This edition is based on compositions for (mixed) boys&#8217; choir, handbells and six orchestral percussionists, written in 2004 as a program for the CD recording of the Riga Cathedral Boys&#8217; Choir under the direction of conductor M\u0101rti\u0146\u0161 Kli\u0161\u0101ns. Sacred texts in Latin &#8220;Jubilate Deo&#8221; form the basis for this program. Three parts were performed during the final concert of the International Boys Choir Festival in Riga, 2005.<\/p>\n<p>In the second edition prepared by the composer, the organ part was developed so that the compositions could be played without specific instrumental accompaniment. If instruments other than the organ and choir are available, they can be used as additional elements in the arrangement, enriching the musical experience.<\/p>\n<p>Listen in: <a href=\"https:\/\/nordbornverlag.de\/en\/jubilate-deo\/\" target=\"_blank\" rel=\"noopener\">Click here<\/a><\/p>\n","protected":false},"excerpt":{"rendered":"<p>Compositions for (mixed) boys&#8217; choir, handbells and six orchestral percussionists, plus organ.<\/p>\n","protected":false},"featured_media":1904,"template":"","meta":{"content-type":"","site-sidebar-layout":"default","site-content-layout":"default","ast-site-content-layout":"default","site-content-style":"default","site-sidebar-style":"default","ast-global-header-display":"","ast-banner-title-visibility":"","ast-main-header-display":"","ast-hfb-above-header-display":"","ast-hfb-below-header-display":"","ast-hfb-mobile-header-display":"","site-post-title":"","ast-breadcrumbs-content":"","ast-featured-img":"","footer-sml-layout":"","ast-disable-related-posts":"","theme-transparent-header-meta":"default","adv-header-id-meta":"","stick-header-meta":"","header-above-stick-meta":"","header-main-stick-meta":"","header-below-stick-meta":"","astra-migrate-meta-layouts":"default","ast-page-background-enabled":"default","ast-page-background-meta":{"desktop":{"background-color":"","background-image":"","background-repeat":"repeat","background-position":"center center","background-size":"auto","background-attachment":"scroll","background-type":"","background-media":"","overlay-type":"","overlay-color":"","overlay-opacity":"","overlay-gradient":""},"tablet":{"background-color":"","background-image":"","background-repeat":"repeat","background-position":"center center","background-size":"auto","background-attachment":"scroll","background-type":"","background-media":"","overlay-type":"","overlay-color":"","overlay-opacity":"","overlay-gradient":""},"mobile":{"background-color":"","background-image":"","background-repeat":"repeat","background-position":"center center","background-size":"auto","background-attachment":"scroll","background-type":"","background-media":"","overlay-type":"","overlay-color":"","overlay-opacity":"","overlay-gradient":""}},"ast-content-background-meta":{"desktop":{"background-color":"var(--ast-global-color-5)","background-image":"","background-repeat":"repeat","background-position":"center center","background-size":"auto","background-attachment":"scroll","background-type":"","background-media":"","overlay-type":"","overlay-color":"","overlay-opacity":"","overlay-gradient":""},"tablet":{"background-color":"var(--ast-global-color-5)","background-image":"","background-repeat":"repeat","background-position":"center center","background-size":"auto","background-attachment":"scroll","background-type":"","background-media":"","overlay-type":"","overlay-color":"","overlay-opacity":"","overlay-gradient":""},"mobile":{"background-color":"var(--ast-global-color-5)","background-image":"","background-repeat":"repeat","background-position":"center center","background-size":"auto","background-attachment":"scroll","background-type":"","background-media":"","overlay-type":"","overlay-color":"","overlay-opacity":"","overlay-gradient":""}}},"product_brand":[],"product_cat":[94],"product_tag":[],"class_list":{"0":"post-975","1":"product","2":"type-product","3":"status-publish","4":"has-post-thumbnail","6":"product_cat-full-score-with-parts","7":"desktop-align-left","8":"tablet-align-left","9":"mobile-align-left","10":"ast-product-gallery-layout-horizontal-slider","11":"ast-product-gallery-with-no-image","12":"ast-product-tabs-layout-horizontal","14":"first","15":"instock","16":"taxable","17":"shipping-taxable","18":"purchasable","19":"product-type-simple"},"yoast_head":"\n<title>J\u0101nis L\u016bs\u0113ns - Jubilate Deo - Full Score with Parts - NORDBORN Musikverlag<\/title>\n<meta name=\"description\" content=\"Compositions for (mixed) boys&#039; choir, handbells and six orchestral percussionists, plus organ.\" \/>\n<meta name=\"robots\" content=\"index, follow, max-snippet:-1, max-image-preview:large, max-video-preview:-1\" \/>\n<link rel=\"canonical\" href=\"https:\/\/nordbornverlag.de\/en\/produkt\/janis-lusens-jubilate-deo-full-score-with-parts\/\" \/>\n<meta property=\"og:locale\" content=\"en_US\" \/>\n<meta property=\"og:type\" content=\"article\" \/>\n<meta property=\"og:title\" content=\"J\u0101nis L\u016bs\u0113ns - Jubilate Deo - Full Score with Parts - NORDBORN Musikverlag\" \/>\n<meta property=\"og:description\" content=\"Compositions for (mixed) boys&#039; choir, handbells and six orchestral percussionists, plus organ.\" \/>\n<meta property=\"og:url\" content=\"https:\/\/nordbornverlag.de\/en\/produkt\/janis-lusens-jubilate-deo-full-score-with-parts\/\" \/>\n<meta property=\"og:site_name\" content=\"NORDBORN Musikverlag\" \/>\n<meta property=\"article:modified_time\" content=\"2022-01-30T20:02:30+00:00\" \/>\n<meta property=\"og:image\" content=\"https:\/\/nordbornverlag.de\/wp-content\/uploads\/Jubilate-FS-Parts-Cover.jpg\" \/>\n\t<meta property=\"og:image:width\" content=\"673\" \/>\n\t<meta property=\"og:image:height\" content=\"943\" \/>\n\t<meta property=\"og:image:type\" content=\"image\/jpeg\" \/>\n<meta name=\"twitter:card\" content=\"summary_large_image\" \/>\n<meta name=\"twitter:label1\" content=\"Est. reading time\" \/>\n\t<meta name=\"twitter:data1\" content=\"1 minute\" \/>\n<script type=\"application\/ld+json\" class=\"yoast-schema-graph\">{\"@context\":\"https:\/\/schema.org\",\"@graph\":[{\"@type\":\"WebPage\",\"@id\":\"https:\/\/nordbornverlag.de\/en\/produkt\/janis-lusens-jubilate-deo-full-score-with-parts\/\",\"url\":\"https:\/\/nordbornverlag.de\/en\/produkt\/janis-lusens-jubilate-deo-full-score-with-parts\/\",\"name\":\"J\u0101nis L\u016bs\u0113ns - Jubilate Deo - Full Score with Parts - NORDBORN Musikverlag\",\"isPartOf\":{\"@id\":\"https:\/\/nordbornverlag.de\/en\/#website\"},\"primaryImageOfPage\":{\"@id\":\"https:\/\/nordbornverlag.de\/en\/produkt\/janis-lusens-jubilate-deo-full-score-with-parts\/#primaryimage\"},\"image\":{\"@id\":\"https:\/\/nordbornverlag.de\/en\/produkt\/janis-lusens-jubilate-deo-full-score-with-parts\/#primaryimage\"},\"thumbnailUrl\":\"https:\/\/nordbornverlag.de\/wp-content\/uploads\/Jubilate-FS-Parts-Cover.jpg\",\"datePublished\":\"2021-04-07T07:34:42+00:00\",\"dateModified\":\"2022-01-30T20:02:30+00:00\",\"description\":\"Compositions for (mixed) boys' choir, handbells and six orchestral percussionists, plus organ.\",\"breadcrumb\":{\"@id\":\"https:\/\/nordbornverlag.de\/en\/produkt\/janis-lusens-jubilate-deo-full-score-with-parts\/#breadcrumb\"},\"inLanguage\":\"en-US\",\"potentialAction\":[{\"@type\":\"ReadAction\",\"target\":[\"https:\/\/nordbornverlag.de\/en\/produkt\/janis-lusens-jubilate-deo-full-score-with-parts\/\"]}]},{\"@type\":\"ImageObject\",\"inLanguage\":\"en-US\",\"@id\":\"https:\/\/nordbornverlag.de\/en\/produkt\/janis-lusens-jubilate-deo-full-score-with-parts\/#primaryimage\",\"url\":\"https:\/\/nordbornverlag.de\/wp-content\/uploads\/Jubilate-FS-Parts-Cover.jpg\",\"contentUrl\":\"https:\/\/nordbornverlag.de\/wp-content\/uploads\/Jubilate-FS-Parts-Cover.jpg\",\"width\":673,\"height\":943,\"caption\":\"Jubilate Deo Full Score and Parts Cover\"},{\"@type\":\"BreadcrumbList\",\"@id\":\"https:\/\/nordbornverlag.de\/en\/produkt\/janis-lusens-jubilate-deo-full-score-with-parts\/#breadcrumb\",\"itemListElement\":[{\"@type\":\"ListItem\",\"position\":1,\"name\":\"Home\",\"item\":\"https:\/\/nordbornverlag.de\/en\/the-publisher-for-composers-from-northern-europe\/\"},{\"@type\":\"ListItem\",\"position\":2,\"name\":\"Shop\",\"item\":\"https:\/\/nordbornverlag.de\/en\/shop\/\"},{\"@type\":\"ListItem\",\"position\":3,\"name\":\"J\u0101nis L\u016bs\u0113ns &#8211; Jubilate Deo &#8211; Full Score with Parts\"}]},{\"@type\":\"WebSite\",\"@id\":\"https:\/\/nordbornverlag.de\/en\/#website\",\"url\":\"https:\/\/nordbornverlag.de\/en\/\",\"name\":\"NORDBORN Musikverlag\",\"description\":\"Noten nordeurop\u00e4ischer Komponisten\",\"publisher\":{\"@id\":\"https:\/\/nordbornverlag.de\/en\/#organization\"},\"potentialAction\":[{\"@type\":\"SearchAction\",\"target\":{\"@type\":\"EntryPoint\",\"urlTemplate\":\"https:\/\/nordbornverlag.de\/en\/?s={search_term_string}\"},\"query-input\":{\"@type\":\"PropertyValueSpecification\",\"valueRequired\":true,\"valueName\":\"search_term_string\"}}],\"inLanguage\":\"en-US\"},{\"@type\":\"Organization\",\"@id\":\"https:\/\/nordbornverlag.de\/en\/#organization\",\"name\":\"NORDBORN Musikverlag\",\"url\":\"https:\/\/nordbornverlag.de\/en\/\",\"logo\":{\"@type\":\"ImageObject\",\"inLanguage\":\"en-US\",\"@id\":\"https:\/\/nordbornverlag.de\/en\/#\/schema\/logo\/image\/\",\"url\":\"https:\/\/nordbornverlag.de\/wp-content\/uploads\/nordborn-logo_3-outset.svg\",\"contentUrl\":\"https:\/\/nordbornverlag.de\/wp-content\/uploads\/nordborn-logo_3-outset.svg\",\"width\":484.41,\"height\":692.27,\"caption\":\"NORDBORN Musikverlag\"},\"image\":{\"@id\":\"https:\/\/nordbornverlag.de\/en\/#\/schema\/logo\/image\/\"}}]}<\/script>\n","yoast_head_json":{"title":"J\u0101nis L\u016bs\u0113ns - Jubilate Deo - Full Score with Parts - NORDBORN Musikverlag","description":"Compositions for (mixed) boys' choir, handbells and six orchestral percussionists, plus organ.","robots":{"index":"index","follow":"follow","max-snippet":"max-snippet:-1","max-image-preview":"max-image-preview:large","max-video-preview":"max-video-preview:-1"},"canonical":"https:\/\/nordbornverlag.de\/en\/produkt\/janis-lusens-jubilate-deo-full-score-with-parts\/","og_locale":"en_US","og_type":"article","og_title":"J\u0101nis L\u016bs\u0113ns - Jubilate Deo - Full Score with Parts - NORDBORN Musikverlag","og_description":"Compositions for (mixed) boys' choir, handbells and six orchestral percussionists, plus organ.","og_url":"https:\/\/nordbornverlag.de\/en\/produkt\/janis-lusens-jubilate-deo-full-score-with-parts\/","og_site_name":"NORDBORN Musikverlag","article_modified_time":"2022-01-30T20:02:30+00:00","og_image":[{"width":673,"height":943,"url":"https:\/\/nordbornverlag.de\/wp-content\/uploads\/Jubilate-FS-Parts-Cover.jpg","type":"image\/jpeg"}],"twitter_card":"summary_large_image","twitter_misc":{"Est. reading time":"1 minute"},"schema":{"@context":"https:\/\/schema.org","@graph":[{"@type":"WebPage","@id":"https:\/\/nordbornverlag.de\/en\/produkt\/janis-lusens-jubilate-deo-full-score-with-parts\/","url":"https:\/\/nordbornverlag.de\/en\/produkt\/janis-lusens-jubilate-deo-full-score-with-parts\/","name":"J\u0101nis L\u016bs\u0113ns - Jubilate Deo - Full Score with Parts - NORDBORN Musikverlag","isPartOf":{"@id":"https:\/\/nordbornverlag.de\/en\/#website"},"primaryImageOfPage":{"@id":"https:\/\/nordbornverlag.de\/en\/produkt\/janis-lusens-jubilate-deo-full-score-with-parts\/#primaryimage"},"image":{"@id":"https:\/\/nordbornverlag.de\/en\/produkt\/janis-lusens-jubilate-deo-full-score-with-parts\/#primaryimage"},"thumbnailUrl":"https:\/\/nordbornverlag.de\/wp-content\/uploads\/Jubilate-FS-Parts-Cover.jpg","datePublished":"2021-04-07T07:34:42+00:00","dateModified":"2022-01-30T20:02:30+00:00","description":"Compositions for (mixed) boys' choir, handbells and six orchestral percussionists, plus organ.","breadcrumb":{"@id":"https:\/\/nordbornverlag.de\/en\/produkt\/janis-lusens-jubilate-deo-full-score-with-parts\/#breadcrumb"},"inLanguage":"en-US","potentialAction":[{"@type":"ReadAction","target":["https:\/\/nordbornverlag.de\/en\/produkt\/janis-lusens-jubilate-deo-full-score-with-parts\/"]}]},{"@type":"ImageObject","inLanguage":"en-US","@id":"https:\/\/nordbornverlag.de\/en\/produkt\/janis-lusens-jubilate-deo-full-score-with-parts\/#primaryimage","url":"https:\/\/nordbornverlag.de\/wp-content\/uploads\/Jubilate-FS-Parts-Cover.jpg","contentUrl":"https:\/\/nordbornverlag.de\/wp-content\/uploads\/Jubilate-FS-Parts-Cover.jpg","width":673,"height":943,"caption":"Jubilate Deo Full Score and Parts Cover"},{"@type":"BreadcrumbList","@id":"https:\/\/nordbornverlag.de\/en\/produkt\/janis-lusens-jubilate-deo-full-score-with-parts\/#breadcrumb","itemListElement":[{"@type":"ListItem","position":1,"name":"Home","item":"https:\/\/nordbornverlag.de\/en\/the-publisher-for-composers-from-northern-europe\/"},{"@type":"ListItem","position":2,"name":"Shop","item":"https:\/\/nordbornverlag.de\/en\/shop\/"},{"@type":"ListItem","position":3,"name":"J\u0101nis L\u016bs\u0113ns &#8211; Jubilate Deo &#8211; Full Score with Parts"}]},{"@type":"WebSite","@id":"https:\/\/nordbornverlag.de\/en\/#website","url":"https:\/\/nordbornverlag.de\/en\/","name":"NORDBORN Musikverlag","description":"Noten nordeurop\u00e4ischer Komponisten","publisher":{"@id":"https:\/\/nordbornverlag.de\/en\/#organization"},"potentialAction":[{"@type":"SearchAction","target":{"@type":"EntryPoint","urlTemplate":"https:\/\/nordbornverlag.de\/en\/?s={search_term_string}"},"query-input":{"@type":"PropertyValueSpecification","valueRequired":true,"valueName":"search_term_string"}}],"inLanguage":"en-US"},{"@type":"Organization","@id":"https:\/\/nordbornverlag.de\/en\/#organization","name":"NORDBORN Musikverlag","url":"https:\/\/nordbornverlag.de\/en\/","logo":{"@type":"ImageObject","inLanguage":"en-US","@id":"https:\/\/nordbornverlag.de\/en\/#\/schema\/logo\/image\/","url":"https:\/\/nordbornverlag.de\/wp-content\/uploads\/nordborn-logo_3-outset.svg","contentUrl":"https:\/\/nordbornverlag.de\/wp-content\/uploads\/nordborn-logo_3-outset.svg","width":484.41,"height":692.27,"caption":"NORDBORN Musikverlag"},"image":{"@id":"https:\/\/nordbornverlag.de\/en\/#\/schema\/logo\/image\/"}}]}},"_links":{"self":[{"href":"https:\/\/nordbornverlag.de\/en\/wp-json\/wp\/v2\/product\/975","targetHints":{"allow":["GET"]}}],"collection":[{"href":"https:\/\/nordbornverlag.de\/en\/wp-json\/wp\/v2\/product"}],"about":[{"href":"https:\/\/nordbornverlag.de\/en\/wp-json\/wp\/v2\/types\/product"}],"wp:featuredmedia":[{"embeddable":true,"href":"https:\/\/nordbornverlag.de\/en\/wp-json\/wp\/v2\/media\/1904"}],"wp:attachment":[{"href":"https:\/\/nordbornverlag.de\/en\/wp-json\/wp\/v2\/media?parent=975"}],"wp:term":[{"taxonomy":"product_brand","embeddable":true,"href":"https:\/\/nordbornverlag.de\/en\/wp-json\/wp\/v2\/product_brand?post=975"},{"taxonomy":"product_cat","embeddable":true,"href":"https:\/\/nordbornverlag.de\/en\/wp-json\/wp\/v2\/product_cat?post=975"},{"taxonomy":"product_tag","embeddable":true,"href":"https:\/\/nordbornverlag.de\/en\/wp-json\/wp\/v2\/product_tag?post=975"}],"curies":[{"name":"wp","href":"https:\/\/api.w.org\/{rel}","templated":true}]}}