{"id":1968,"date":"2022-02-02T19:11:07","date_gmt":"2022-02-02T19:13:39","guid":{"rendered":"https:\/\/nordbornverlag.de\/produkt\/miniatures-full-score-with-single-part\/"},"modified":"2022-02-02T19:16:41","modified_gmt":"2022-02-02T19:16:41","slug":"miniatures-full-score-and-single-part","status":"publish","type":"product","link":"https:\/\/nordbornverlag.de\/en\/produkt\/miniatures-full-score-and-single-part\/","title":{"rendered":"Miniatures, Full Score with Flute Part"},"content":{"rendered":"<div class=\"elementor-column elementor-col-50 elementor-top-column elementor-element elementor-element-515f36ea\" data-id=\"515f36ea\" data-element_type=\"column\">\n<div class=\"elementor-widget-wrap elementor-element-populated\">\n<div class=\"elementor-element elementor-element-18b76b2 elementor-widget elementor-widget-theme-post-content is-mac\" data-id=\"18b76b2\" data-element_type=\"widget\" data-widget_type=\"theme-post-content.default\">\n<div class=\"elementor-widget-container\">\n<div class=\"elementor elementor-775\" data-elementor-type=\"wp-post\" data-elementor-id=\"775\" data-elementor-settings=\"[]\">\n<div class=\"elementor-section-wrap\">\n<section class=\"elementor-section elementor-top-section elementor-element elementor-element-40773d4 elementor-section-boxed elementor-section-height-default elementor-section-height-default jet-parallax-section\" data-id=\"40773d4\" data-element_type=\"section\" data-settings=\"{\"jet_parallax_layout_list\":[{\"jet_parallax_layout_image\":{\"url\":\"\",\"id\":\"\"},\"_id\":\"1157b16\",\"jet_parallax_layout_image_tablet\":{\"url\":\"\",\"id\":\"\"},\"jet_parallax_layout_image_mobile\":{\"url\":\"\",\"id\":\"\"},\"jet_parallax_layout_speed\":{\"unit\":\"%\",\"size\":50,\"sizes\":[]},\"jet_parallax_layout_type\":\"scroll\",\"jet_parallax_layout_direction\":null,\"jet_parallax_layout_fx_direction\":null,\"jet_parallax_layout_z_index\":\"\",\"jet_parallax_layout_bg_x\":50,\"jet_parallax_layout_bg_x_tablet\":\"\",\"jet_parallax_layout_bg_x_mobile\":\"\",\"jet_parallax_layout_bg_y\":50,\"jet_parallax_layout_bg_y_tablet\":\"\",\"jet_parallax_layout_bg_y_mobile\":\"\",\"jet_parallax_layout_bg_size\":\"auto\",\"jet_parallax_layout_bg_size_tablet\":\"\",\"jet_parallax_layout_bg_size_mobile\":\"\",\"jet_parallax_layout_animation_prop\":\"transform\",\"jet_parallax_layout_on\":[\"desktop\",\"tablet\"]}]}\">\n<div class=\"elementor-container elementor-column-gap-default\">\n<div class=\"elementor-column elementor-col-100 elementor-top-column elementor-element elementor-element-2443211\" data-id=\"2443211\" data-element_type=\"column\">\n<div class=\"elementor-widget-wrap elementor-element-populated\">\n<div class=\"elementor-element elementor-element-813799d elementor-widget elementor-widget-text-editor is-mac\" data-id=\"813799d\" data-element_type=\"widget\" data-widget_type=\"text-editor.default\">\n<div class=\"elementor-widget-container\">\n<p>The inspiration for this work is the composer&#8217;s first encounter with the GUO bass flute and its special, distinct, rich sound. In recent years, J\u0101nis L\u016bs\u0113ns has been enthusiastically collecting various musical instruments and searching for their common and innovative sound. Some of the musical themes discovered in the process have led to the present sheet music.<\/p>\n<p>Since the sound of the GUO flute is delicate, the main tone of the miniatures is calm and flowing, with playful elements that create a delicate match with the upper and middle registers of the piano. This work can serve as practice material for music schools and conservatories, as well as an addition to the repertoire of any professional flutist. The miniatures are suitable for both traditional and bass flute.<\/p>\n<\/div>\n<\/div>\n<\/div>\n<\/div>\n<\/div>\n<\/section>\n<\/div>\n<\/div>\n<\/div>\n<\/div>\n<\/div>\n<\/div>\n","protected":false},"excerpt":{"rendered":"<p>A work inspired by the GUO bass flute. The miniatures are suitable for both traditional and bass flute. This edition contains the full score and a separate booklet of the single part for the flute<\/p>\n","protected":false},"featured_media":716,"template":"","meta":{"content-type":"","site-sidebar-layout":"default","site-content-layout":"default","ast-site-content-layout":"default","site-content-style":"default","site-sidebar-style":"default","ast-global-header-display":"","ast-banner-title-visibility":"","ast-main-header-display":"","ast-hfb-above-header-display":"","ast-hfb-below-header-display":"","ast-hfb-mobile-header-display":"","site-post-title":"","ast-breadcrumbs-content":"","ast-featured-img":"","footer-sml-layout":"","ast-disable-related-posts":"","theme-transparent-header-meta":"","adv-header-id-meta":"","stick-header-meta":"","header-above-stick-meta":"","header-main-stick-meta":"","header-below-stick-meta":"","astra-migrate-meta-layouts":"default","ast-page-background-enabled":"default","ast-page-background-meta":{"desktop":{"background-color":"","background-image":"","background-repeat":"repeat","background-position":"center center","background-size":"auto","background-attachment":"scroll","background-type":"","background-media":"","overlay-type":"","overlay-color":"","overlay-opacity":"","overlay-gradient":""},"tablet":{"background-color":"","background-image":"","background-repeat":"repeat","background-position":"center center","background-size":"auto","background-attachment":"scroll","background-type":"","background-media":"","overlay-type":"","overlay-color":"","overlay-opacity":"","overlay-gradient":""},"mobile":{"background-color":"","background-image":"","background-repeat":"repeat","background-position":"center center","background-size":"auto","background-attachment":"scroll","background-type":"","background-media":"","overlay-type":"","overlay-color":"","overlay-opacity":"","overlay-gradient":""}},"ast-content-background-meta":{"desktop":{"background-color":"var(--ast-global-color-5)","background-image":"","background-repeat":"repeat","background-position":"center center","background-size":"auto","background-attachment":"scroll","background-type":"","background-media":"","overlay-type":"","overlay-color":"","overlay-opacity":"","overlay-gradient":""},"tablet":{"background-color":"var(--ast-global-color-5)","background-image":"","background-repeat":"repeat","background-position":"center center","background-size":"auto","background-attachment":"scroll","background-type":"","background-media":"","overlay-type":"","overlay-color":"","overlay-opacity":"","overlay-gradient":""},"mobile":{"background-color":"var(--ast-global-color-5)","background-image":"","background-repeat":"repeat","background-position":"center center","background-size":"auto","background-attachment":"scroll","background-type":"","background-media":"","overlay-type":"","overlay-color":"","overlay-opacity":"","overlay-gradient":""}}},"product_brand":[],"product_cat":[48],"product_tag":[],"class_list":{"0":"post-1968","1":"product","2":"type-product","3":"status-publish","4":"has-post-thumbnail","6":"product_cat-partituren-einzelstimmen","7":"product_shipping_class-musiknoten","8":"desktop-align-left","9":"tablet-align-left","10":"mobile-align-left","11":"ast-product-gallery-layout-horizontal-slider","12":"ast-product-gallery-with-no-image","13":"ast-product-tabs-layout-horizontal","15":"first","16":"instock","17":"taxable","18":"shipping-taxable","19":"purchasable","20":"product-type-simple"},"yoast_head":"\n<title>Miniatures, Full Score with Flute Part - NORDBORN Musikverlag<\/title>\n<meta name=\"description\" content=\"Full score with flute part. Inspired by the GUO bass flute. The miniatures are suitable for the traditional, but also for the bass flute.\" \/>\n<meta name=\"robots\" content=\"index, follow, max-snippet:-1, max-image-preview:large, max-video-preview:-1\" \/>\n<link rel=\"canonical\" href=\"https:\/\/nordbornverlag.de\/en\/produkt\/miniatures-full-score-and-single-part\/\" \/>\n<meta property=\"og:locale\" content=\"en_US\" \/>\n<meta property=\"og:type\" content=\"article\" \/>\n<meta property=\"og:title\" content=\"Miniatures, Full Score with Flute Part - NORDBORN Musikverlag\" \/>\n<meta property=\"og:description\" content=\"Full score with flute part. Inspired by the GUO bass flute. The miniatures are suitable for the traditional, but also for the bass flute.\" \/>\n<meta property=\"og:url\" content=\"https:\/\/nordbornverlag.de\/en\/produkt\/miniatures-full-score-and-single-part\/\" \/>\n<meta property=\"og:site_name\" content=\"NORDBORN Musikverlag\" \/>\n<meta property=\"article:modified_time\" content=\"2022-02-02T19:16:41+00:00\" \/>\n<meta property=\"og:image\" content=\"https:\/\/nordbornverlag.de\/wp-content\/uploads\/janis-lusens-miniatures-cover.png\" \/>\n\t<meta property=\"og:image:width\" content=\"624\" \/>\n\t<meta property=\"og:image:height\" content=\"872\" \/>\n\t<meta property=\"og:image:type\" content=\"image\/png\" \/>\n<meta name=\"twitter:card\" content=\"summary_large_image\" \/>\n<meta name=\"twitter:label1\" content=\"Est. reading time\" \/>\n\t<meta name=\"twitter:data1\" content=\"1 minute\" \/>\n<script type=\"application\/ld+json\" class=\"yoast-schema-graph\">{\"@context\":\"https:\/\/schema.org\",\"@graph\":[{\"@type\":\"WebPage\",\"@id\":\"https:\/\/nordbornverlag.de\/en\/produkt\/miniatures-full-score-and-single-part\/\",\"url\":\"https:\/\/nordbornverlag.de\/en\/produkt\/miniatures-full-score-and-single-part\/\",\"name\":\"Miniatures, Full Score with Flute Part - NORDBORN Musikverlag\",\"isPartOf\":{\"@id\":\"https:\/\/nordbornverlag.de\/en\/#website\"},\"primaryImageOfPage\":{\"@id\":\"https:\/\/nordbornverlag.de\/en\/produkt\/miniatures-full-score-and-single-part\/#primaryimage\"},\"image\":{\"@id\":\"https:\/\/nordbornverlag.de\/en\/produkt\/miniatures-full-score-and-single-part\/#primaryimage\"},\"thumbnailUrl\":\"https:\/\/nordbornverlag.de\/wp-content\/uploads\/janis-lusens-miniatures-cover.png\",\"datePublished\":\"2022-02-02T19:13:39+00:00\",\"dateModified\":\"2022-02-02T19:16:41+00:00\",\"description\":\"Full score with flute part. Inspired by the GUO bass flute. The miniatures are suitable for the traditional, but also for the bass flute.\",\"breadcrumb\":{\"@id\":\"https:\/\/nordbornverlag.de\/en\/produkt\/miniatures-full-score-and-single-part\/#breadcrumb\"},\"inLanguage\":\"en-US\",\"potentialAction\":[{\"@type\":\"ReadAction\",\"target\":[\"https:\/\/nordbornverlag.de\/en\/produkt\/miniatures-full-score-and-single-part\/\"]}]},{\"@type\":\"ImageObject\",\"inLanguage\":\"en-US\",\"@id\":\"https:\/\/nordbornverlag.de\/en\/produkt\/miniatures-full-score-and-single-part\/#primaryimage\",\"url\":\"https:\/\/nordbornverlag.de\/wp-content\/uploads\/janis-lusens-miniatures-cover.png\",\"contentUrl\":\"https:\/\/nordbornverlag.de\/wp-content\/uploads\/janis-lusens-miniatures-cover.png\",\"width\":624,\"height\":872,\"caption\":\"J\u0101nis L\u016bsen - Miniatures\"},{\"@type\":\"BreadcrumbList\",\"@id\":\"https:\/\/nordbornverlag.de\/en\/produkt\/miniatures-full-score-and-single-part\/#breadcrumb\",\"itemListElement\":[{\"@type\":\"ListItem\",\"position\":1,\"name\":\"Home\",\"item\":\"https:\/\/nordbornverlag.de\/en\/the-publisher-for-composers-from-northern-europe\/\"},{\"@type\":\"ListItem\",\"position\":2,\"name\":\"Shop\",\"item\":\"https:\/\/nordbornverlag.de\/en\/shop\/\"},{\"@type\":\"ListItem\",\"position\":3,\"name\":\"Miniatures, Full Score with Flute Part\"}]},{\"@type\":\"WebSite\",\"@id\":\"https:\/\/nordbornverlag.de\/en\/#website\",\"url\":\"https:\/\/nordbornverlag.de\/en\/\",\"name\":\"NORDBORN Musikverlag\",\"description\":\"Noten nordeurop\u00e4ischer Komponisten\",\"publisher\":{\"@id\":\"https:\/\/nordbornverlag.de\/en\/#organization\"},\"potentialAction\":[{\"@type\":\"SearchAction\",\"target\":{\"@type\":\"EntryPoint\",\"urlTemplate\":\"https:\/\/nordbornverlag.de\/en\/?s={search_term_string}\"},\"query-input\":{\"@type\":\"PropertyValueSpecification\",\"valueRequired\":true,\"valueName\":\"search_term_string\"}}],\"inLanguage\":\"en-US\"},{\"@type\":\"Organization\",\"@id\":\"https:\/\/nordbornverlag.de\/en\/#organization\",\"name\":\"NORDBORN Musikverlag\",\"url\":\"https:\/\/nordbornverlag.de\/en\/\",\"logo\":{\"@type\":\"ImageObject\",\"inLanguage\":\"en-US\",\"@id\":\"https:\/\/nordbornverlag.de\/en\/#\/schema\/logo\/image\/\",\"url\":\"https:\/\/nordbornverlag.de\/wp-content\/uploads\/nordborn-logo_3-outset.svg\",\"contentUrl\":\"https:\/\/nordbornverlag.de\/wp-content\/uploads\/nordborn-logo_3-outset.svg\",\"width\":484.41,\"height\":692.27,\"caption\":\"NORDBORN Musikverlag\"},\"image\":{\"@id\":\"https:\/\/nordbornverlag.de\/en\/#\/schema\/logo\/image\/\"}}]}<\/script>\n","yoast_head_json":{"title":"Miniatures, Full Score with Flute Part - NORDBORN Musikverlag","description":"Full score with flute part. Inspired by the GUO bass flute. The miniatures are suitable for the traditional, but also for the bass flute.","robots":{"index":"index","follow":"follow","max-snippet":"max-snippet:-1","max-image-preview":"max-image-preview:large","max-video-preview":"max-video-preview:-1"},"canonical":"https:\/\/nordbornverlag.de\/en\/produkt\/miniatures-full-score-and-single-part\/","og_locale":"en_US","og_type":"article","og_title":"Miniatures, Full Score with Flute Part - NORDBORN Musikverlag","og_description":"Full score with flute part. Inspired by the GUO bass flute. The miniatures are suitable for the traditional, but also for the bass flute.","og_url":"https:\/\/nordbornverlag.de\/en\/produkt\/miniatures-full-score-and-single-part\/","og_site_name":"NORDBORN Musikverlag","article_modified_time":"2022-02-02T19:16:41+00:00","og_image":[{"width":624,"height":872,"url":"https:\/\/nordbornverlag.de\/wp-content\/uploads\/janis-lusens-miniatures-cover.png","type":"image\/png"}],"twitter_card":"summary_large_image","twitter_misc":{"Est. reading time":"1 minute"},"schema":{"@context":"https:\/\/schema.org","@graph":[{"@type":"WebPage","@id":"https:\/\/nordbornverlag.de\/en\/produkt\/miniatures-full-score-and-single-part\/","url":"https:\/\/nordbornverlag.de\/en\/produkt\/miniatures-full-score-and-single-part\/","name":"Miniatures, Full Score with Flute Part - NORDBORN Musikverlag","isPartOf":{"@id":"https:\/\/nordbornverlag.de\/en\/#website"},"primaryImageOfPage":{"@id":"https:\/\/nordbornverlag.de\/en\/produkt\/miniatures-full-score-and-single-part\/#primaryimage"},"image":{"@id":"https:\/\/nordbornverlag.de\/en\/produkt\/miniatures-full-score-and-single-part\/#primaryimage"},"thumbnailUrl":"https:\/\/nordbornverlag.de\/wp-content\/uploads\/janis-lusens-miniatures-cover.png","datePublished":"2022-02-02T19:13:39+00:00","dateModified":"2022-02-02T19:16:41+00:00","description":"Full score with flute part. Inspired by the GUO bass flute. The miniatures are suitable for the traditional, but also for the bass flute.","breadcrumb":{"@id":"https:\/\/nordbornverlag.de\/en\/produkt\/miniatures-full-score-and-single-part\/#breadcrumb"},"inLanguage":"en-US","potentialAction":[{"@type":"ReadAction","target":["https:\/\/nordbornverlag.de\/en\/produkt\/miniatures-full-score-and-single-part\/"]}]},{"@type":"ImageObject","inLanguage":"en-US","@id":"https:\/\/nordbornverlag.de\/en\/produkt\/miniatures-full-score-and-single-part\/#primaryimage","url":"https:\/\/nordbornverlag.de\/wp-content\/uploads\/janis-lusens-miniatures-cover.png","contentUrl":"https:\/\/nordbornverlag.de\/wp-content\/uploads\/janis-lusens-miniatures-cover.png","width":624,"height":872,"caption":"J\u0101nis L\u016bsen - Miniatures"},{"@type":"BreadcrumbList","@id":"https:\/\/nordbornverlag.de\/en\/produkt\/miniatures-full-score-and-single-part\/#breadcrumb","itemListElement":[{"@type":"ListItem","position":1,"name":"Home","item":"https:\/\/nordbornverlag.de\/en\/the-publisher-for-composers-from-northern-europe\/"},{"@type":"ListItem","position":2,"name":"Shop","item":"https:\/\/nordbornverlag.de\/en\/shop\/"},{"@type":"ListItem","position":3,"name":"Miniatures, Full Score with Flute Part"}]},{"@type":"WebSite","@id":"https:\/\/nordbornverlag.de\/en\/#website","url":"https:\/\/nordbornverlag.de\/en\/","name":"NORDBORN Musikverlag","description":"Noten nordeurop\u00e4ischer Komponisten","publisher":{"@id":"https:\/\/nordbornverlag.de\/en\/#organization"},"potentialAction":[{"@type":"SearchAction","target":{"@type":"EntryPoint","urlTemplate":"https:\/\/nordbornverlag.de\/en\/?s={search_term_string}"},"query-input":{"@type":"PropertyValueSpecification","valueRequired":true,"valueName":"search_term_string"}}],"inLanguage":"en-US"},{"@type":"Organization","@id":"https:\/\/nordbornverlag.de\/en\/#organization","name":"NORDBORN Musikverlag","url":"https:\/\/nordbornverlag.de\/en\/","logo":{"@type":"ImageObject","inLanguage":"en-US","@id":"https:\/\/nordbornverlag.de\/en\/#\/schema\/logo\/image\/","url":"https:\/\/nordbornverlag.de\/wp-content\/uploads\/nordborn-logo_3-outset.svg","contentUrl":"https:\/\/nordbornverlag.de\/wp-content\/uploads\/nordborn-logo_3-outset.svg","width":484.41,"height":692.27,"caption":"NORDBORN Musikverlag"},"image":{"@id":"https:\/\/nordbornverlag.de\/en\/#\/schema\/logo\/image\/"}}]}},"_links":{"self":[{"href":"https:\/\/nordbornverlag.de\/en\/wp-json\/wp\/v2\/product\/1968","targetHints":{"allow":["GET"]}}],"collection":[{"href":"https:\/\/nordbornverlag.de\/en\/wp-json\/wp\/v2\/product"}],"about":[{"href":"https:\/\/nordbornverlag.de\/en\/wp-json\/wp\/v2\/types\/product"}],"wp:featuredmedia":[{"embeddable":true,"href":"https:\/\/nordbornverlag.de\/en\/wp-json\/wp\/v2\/media\/716"}],"wp:attachment":[{"href":"https:\/\/nordbornverlag.de\/en\/wp-json\/wp\/v2\/media?parent=1968"}],"wp:term":[{"taxonomy":"product_brand","embeddable":true,"href":"https:\/\/nordbornverlag.de\/en\/wp-json\/wp\/v2\/product_brand?post=1968"},{"taxonomy":"product_cat","embeddable":true,"href":"https:\/\/nordbornverlag.de\/en\/wp-json\/wp\/v2\/product_cat?post=1968"},{"taxonomy":"product_tag","embeddable":true,"href":"https:\/\/nordbornverlag.de\/en\/wp-json\/wp\/v2\/product_tag?post=1968"}],"curies":[{"name":"wp","href":"https:\/\/api.w.org\/{rel}","templated":true}]}}