{"id":1907,"date":"2022-01-31T19:15:07","date_gmt":"2022-01-31T19:15:55","guid":{"rendered":"https:\/\/nordbornverlag.de\/produkt\/muzikalais-geografijas-atlants-berniem\/"},"modified":"2022-01-31T19:15:55","modified_gmt":"2022-01-31T19:15:55","slug":"atlants-en","status":"publish","type":"product","link":"https:\/\/nordbornverlag.de\/en\/produkt\/atlants-en\/","title":{"rendered":"Muzik\u0101lais \u0122eogr\u0101fijas Atlants B\u0113rniem"},"content":{"rendered":"<p>The Musical Geography Atlas for Kids is a collection of 12 specially created songs by J\u0101nis L\u016bs\u0113ns and Loreta Kalni\u0146a. It&#8217;s a journey through 12 countries &#8211; Mexico, Peru, Greenland, England, Italy, Latvia, Congo, Egypt, Russia, India, Australia, Japan &#8211; in song, both to listen to and to sing along with. There are two versions of each song &#8211; in Latvian and in the language of the respective country.<\/p>\n<p>The Musical Geography Atlas for Kids contains three parts &#8211; a piano score of the authors&#8217; 12 songs, an illustrated book with song lyrics in Latvian and in the languages of the countries from the atlas, and two CDs &#8211; one for piano and voice in Latvian, the other for piano and voice in the languages of the 12 countries included in the atlas.<\/p>\n<p>It is suitable for children of preschool and primary school age.<\/p>\n<p>Listen in: <a href=\"https:\/\/nordbornverlag.de\/musikalischer-weltatlas-fuer-kinder\/#atlas-audio-samples\">Click here<\/a><\/p>\n","protected":false},"excerpt":{"rendered":"<p>The Musical Geography Atlas for Kids is a collection of 12 songs by J\u0101nis L\u016bs\u0113ns and Loreta Kalni\u0146a for preschool and elementary school age children.<\/p>\n","protected":false},"featured_media":1513,"template":"","meta":{"content-type":"","site-sidebar-layout":"default","site-content-layout":"default","ast-site-content-layout":"default","site-content-style":"default","site-sidebar-style":"default","ast-global-header-display":"","ast-banner-title-visibility":"","ast-main-header-display":"","ast-hfb-above-header-display":"","ast-hfb-below-header-display":"","ast-hfb-mobile-header-display":"","site-post-title":"","ast-breadcrumbs-content":"","ast-featured-img":"","footer-sml-layout":"","ast-disable-related-posts":"","theme-transparent-header-meta":"","adv-header-id-meta":"","stick-header-meta":"","header-above-stick-meta":"","header-main-stick-meta":"","header-below-stick-meta":"","astra-migrate-meta-layouts":"default","ast-page-background-enabled":"default","ast-page-background-meta":{"desktop":{"background-color":"","background-image":"","background-repeat":"repeat","background-position":"center center","background-size":"auto","background-attachment":"scroll","background-type":"","background-media":"","overlay-type":"","overlay-color":"","overlay-opacity":"","overlay-gradient":""},"tablet":{"background-color":"","background-image":"","background-repeat":"repeat","background-position":"center center","background-size":"auto","background-attachment":"scroll","background-type":"","background-media":"","overlay-type":"","overlay-color":"","overlay-opacity":"","overlay-gradient":""},"mobile":{"background-color":"","background-image":"","background-repeat":"repeat","background-position":"center center","background-size":"auto","background-attachment":"scroll","background-type":"","background-media":"","overlay-type":"","overlay-color":"","overlay-opacity":"","overlay-gradient":""}},"ast-content-background-meta":{"desktop":{"background-color":"var(--ast-global-color-5)","background-image":"","background-repeat":"repeat","background-position":"center center","background-size":"auto","background-attachment":"scroll","background-type":"","background-media":"","overlay-type":"","overlay-color":"","overlay-opacity":"","overlay-gradient":""},"tablet":{"background-color":"var(--ast-global-color-5)","background-image":"","background-repeat":"repeat","background-position":"center center","background-size":"auto","background-attachment":"scroll","background-type":"","background-media":"","overlay-type":"","overlay-color":"","overlay-opacity":"","overlay-gradient":""},"mobile":{"background-color":"var(--ast-global-color-5)","background-image":"","background-repeat":"repeat","background-position":"center center","background-size":"auto","background-attachment":"scroll","background-type":"","background-media":"","overlay-type":"","overlay-color":"","overlay-opacity":"","overlay-gradient":""}}},"product_brand":[],"product_cat":[127],"product_tag":[],"class_list":{"0":"post-1907","1":"product","2":"type-product","3":"status-publish","4":"has-post-thumbnail","6":"product_cat-music-for-kids","7":"product_shipping_class-music-sheets","8":"desktop-align-left","9":"tablet-align-left","10":"mobile-align-left","11":"ast-product-gallery-layout-horizontal-slider","12":"ast-product-gallery-with-no-image","13":"ast-product-tabs-layout-horizontal","15":"first","16":"instock","17":"taxable","18":"shipping-taxable","19":"purchasable","20":"product-type-simple"},"yoast_head":"\n<title>Muzik\u0101lais \u0122eogr\u0101fijas Atlants B\u0113rniem - NORDBORN Musikverlag<\/title>\n<meta name=\"description\" content=\"The Musical Geography Atlas for Kids is a collection of 12 songs by J\u0101nis L\u016bs\u0113ns and Loreta Kalni\u0146a for preschool and elementary school age children.\" \/>\n<meta name=\"robots\" content=\"index, follow, max-snippet:-1, max-image-preview:large, max-video-preview:-1\" \/>\n<link rel=\"canonical\" href=\"https:\/\/nordbornverlag.de\/en\/produkt\/atlants-en\/\" \/>\n<meta property=\"og:locale\" content=\"en_US\" \/>\n<meta property=\"og:type\" content=\"article\" \/>\n<meta property=\"og:title\" content=\"Muzik\u0101lais \u0122eogr\u0101fijas Atlants B\u0113rniem - NORDBORN Musikverlag\" \/>\n<meta property=\"og:description\" content=\"The Musical Geography Atlas for Kids is a collection of 12 songs by J\u0101nis L\u016bs\u0113ns and Loreta Kalni\u0146a for preschool and elementary school age children.\" \/>\n<meta property=\"og:url\" content=\"https:\/\/nordbornverlag.de\/en\/produkt\/atlants-en\/\" \/>\n<meta property=\"og:site_name\" content=\"NORDBORN Musikverlag\" \/>\n<meta property=\"og:image\" content=\"https:\/\/nordbornverlag.de\/wp-content\/uploads\/atlants_front_cover.jpg\" \/>\n\t<meta property=\"og:image:width\" content=\"905\" \/>\n\t<meta property=\"og:image:height\" content=\"1280\" \/>\n\t<meta property=\"og:image:type\" content=\"image\/jpeg\" \/>\n<meta name=\"twitter:card\" content=\"summary_large_image\" \/>\n<meta name=\"twitter:label1\" content=\"Est. reading time\" \/>\n\t<meta name=\"twitter:data1\" content=\"1 minute\" \/>\n<script type=\"application\/ld+json\" class=\"yoast-schema-graph\">{\"@context\":\"https:\/\/schema.org\",\"@graph\":[{\"@type\":\"WebPage\",\"@id\":\"https:\/\/nordbornverlag.de\/en\/produkt\/atlants-en\/\",\"url\":\"https:\/\/nordbornverlag.de\/en\/produkt\/atlants-en\/\",\"name\":\"Muzik\u0101lais \u0122eogr\u0101fijas Atlants B\u0113rniem - NORDBORN Musikverlag\",\"isPartOf\":{\"@id\":\"https:\/\/nordbornverlag.de\/en\/#website\"},\"primaryImageOfPage\":{\"@id\":\"https:\/\/nordbornverlag.de\/en\/produkt\/atlants-en\/#primaryimage\"},\"image\":{\"@id\":\"https:\/\/nordbornverlag.de\/en\/produkt\/atlants-en\/#primaryimage\"},\"thumbnailUrl\":\"https:\/\/nordbornverlag.de\/wp-content\/uploads\/atlants_front_cover.jpg\",\"datePublished\":\"2022-01-31T19:15:55+00:00\",\"description\":\"The Musical Geography Atlas for Kids is a collection of 12 songs by J\u0101nis L\u016bs\u0113ns and Loreta Kalni\u0146a for preschool and elementary school age children.\",\"breadcrumb\":{\"@id\":\"https:\/\/nordbornverlag.de\/en\/produkt\/atlants-en\/#breadcrumb\"},\"inLanguage\":\"en-US\",\"potentialAction\":[{\"@type\":\"ReadAction\",\"target\":[\"https:\/\/nordbornverlag.de\/en\/produkt\/atlants-en\/\"]}]},{\"@type\":\"ImageObject\",\"inLanguage\":\"en-US\",\"@id\":\"https:\/\/nordbornverlag.de\/en\/produkt\/atlants-en\/#primaryimage\",\"url\":\"https:\/\/nordbornverlag.de\/wp-content\/uploads\/atlants_front_cover.jpg\",\"contentUrl\":\"https:\/\/nordbornverlag.de\/wp-content\/uploads\/atlants_front_cover.jpg\",\"width\":905,\"height\":1280,\"caption\":\"Umschlagbild des musikalischen Weltatlas'\"},{\"@type\":\"BreadcrumbList\",\"@id\":\"https:\/\/nordbornverlag.de\/en\/produkt\/atlants-en\/#breadcrumb\",\"itemListElement\":[{\"@type\":\"ListItem\",\"position\":1,\"name\":\"Home\",\"item\":\"https:\/\/nordbornverlag.de\/en\/the-publisher-for-composers-from-northern-europe\/\"},{\"@type\":\"ListItem\",\"position\":2,\"name\":\"Shop\",\"item\":\"https:\/\/nordbornverlag.de\/en\/shop\/\"},{\"@type\":\"ListItem\",\"position\":3,\"name\":\"Muzik\u0101lais \u0122eogr\u0101fijas Atlants B\u0113rniem\"}]},{\"@type\":\"WebSite\",\"@id\":\"https:\/\/nordbornverlag.de\/en\/#website\",\"url\":\"https:\/\/nordbornverlag.de\/en\/\",\"name\":\"NORDBORN Musikverlag\",\"description\":\"Noten nordeurop\u00e4ischer Komponisten\",\"publisher\":{\"@id\":\"https:\/\/nordbornverlag.de\/en\/#organization\"},\"potentialAction\":[{\"@type\":\"SearchAction\",\"target\":{\"@type\":\"EntryPoint\",\"urlTemplate\":\"https:\/\/nordbornverlag.de\/en\/?s={search_term_string}\"},\"query-input\":{\"@type\":\"PropertyValueSpecification\",\"valueRequired\":true,\"valueName\":\"search_term_string\"}}],\"inLanguage\":\"en-US\"},{\"@type\":\"Organization\",\"@id\":\"https:\/\/nordbornverlag.de\/en\/#organization\",\"name\":\"NORDBORN Musikverlag\",\"url\":\"https:\/\/nordbornverlag.de\/en\/\",\"logo\":{\"@type\":\"ImageObject\",\"inLanguage\":\"en-US\",\"@id\":\"https:\/\/nordbornverlag.de\/en\/#\/schema\/logo\/image\/\",\"url\":\"https:\/\/nordbornverlag.de\/wp-content\/uploads\/nordborn-logo_3-outset.svg\",\"contentUrl\":\"https:\/\/nordbornverlag.de\/wp-content\/uploads\/nordborn-logo_3-outset.svg\",\"width\":484.41,\"height\":692.27,\"caption\":\"NORDBORN Musikverlag\"},\"image\":{\"@id\":\"https:\/\/nordbornverlag.de\/en\/#\/schema\/logo\/image\/\"}}]}<\/script>\n","yoast_head_json":{"title":"Muzik\u0101lais \u0122eogr\u0101fijas Atlants B\u0113rniem - NORDBORN Musikverlag","description":"The Musical Geography Atlas for Kids is a collection of 12 songs by J\u0101nis L\u016bs\u0113ns and Loreta Kalni\u0146a for preschool and elementary school age children.","robots":{"index":"index","follow":"follow","max-snippet":"max-snippet:-1","max-image-preview":"max-image-preview:large","max-video-preview":"max-video-preview:-1"},"canonical":"https:\/\/nordbornverlag.de\/en\/produkt\/atlants-en\/","og_locale":"en_US","og_type":"article","og_title":"Muzik\u0101lais \u0122eogr\u0101fijas Atlants B\u0113rniem - NORDBORN Musikverlag","og_description":"The Musical Geography Atlas for Kids is a collection of 12 songs by J\u0101nis L\u016bs\u0113ns and Loreta Kalni\u0146a for preschool and elementary school age children.","og_url":"https:\/\/nordbornverlag.de\/en\/produkt\/atlants-en\/","og_site_name":"NORDBORN Musikverlag","og_image":[{"width":905,"height":1280,"url":"https:\/\/nordbornverlag.de\/wp-content\/uploads\/atlants_front_cover.jpg","type":"image\/jpeg"}],"twitter_card":"summary_large_image","twitter_misc":{"Est. reading time":"1 minute"},"schema":{"@context":"https:\/\/schema.org","@graph":[{"@type":"WebPage","@id":"https:\/\/nordbornverlag.de\/en\/produkt\/atlants-en\/","url":"https:\/\/nordbornverlag.de\/en\/produkt\/atlants-en\/","name":"Muzik\u0101lais \u0122eogr\u0101fijas Atlants B\u0113rniem - NORDBORN Musikverlag","isPartOf":{"@id":"https:\/\/nordbornverlag.de\/en\/#website"},"primaryImageOfPage":{"@id":"https:\/\/nordbornverlag.de\/en\/produkt\/atlants-en\/#primaryimage"},"image":{"@id":"https:\/\/nordbornverlag.de\/en\/produkt\/atlants-en\/#primaryimage"},"thumbnailUrl":"https:\/\/nordbornverlag.de\/wp-content\/uploads\/atlants_front_cover.jpg","datePublished":"2022-01-31T19:15:55+00:00","description":"The Musical Geography Atlas for Kids is a collection of 12 songs by J\u0101nis L\u016bs\u0113ns and Loreta Kalni\u0146a for preschool and elementary school age children.","breadcrumb":{"@id":"https:\/\/nordbornverlag.de\/en\/produkt\/atlants-en\/#breadcrumb"},"inLanguage":"en-US","potentialAction":[{"@type":"ReadAction","target":["https:\/\/nordbornverlag.de\/en\/produkt\/atlants-en\/"]}]},{"@type":"ImageObject","inLanguage":"en-US","@id":"https:\/\/nordbornverlag.de\/en\/produkt\/atlants-en\/#primaryimage","url":"https:\/\/nordbornverlag.de\/wp-content\/uploads\/atlants_front_cover.jpg","contentUrl":"https:\/\/nordbornverlag.de\/wp-content\/uploads\/atlants_front_cover.jpg","width":905,"height":1280,"caption":"Umschlagbild des musikalischen Weltatlas'"},{"@type":"BreadcrumbList","@id":"https:\/\/nordbornverlag.de\/en\/produkt\/atlants-en\/#breadcrumb","itemListElement":[{"@type":"ListItem","position":1,"name":"Home","item":"https:\/\/nordbornverlag.de\/en\/the-publisher-for-composers-from-northern-europe\/"},{"@type":"ListItem","position":2,"name":"Shop","item":"https:\/\/nordbornverlag.de\/en\/shop\/"},{"@type":"ListItem","position":3,"name":"Muzik\u0101lais \u0122eogr\u0101fijas Atlants B\u0113rniem"}]},{"@type":"WebSite","@id":"https:\/\/nordbornverlag.de\/en\/#website","url":"https:\/\/nordbornverlag.de\/en\/","name":"NORDBORN Musikverlag","description":"Noten nordeurop\u00e4ischer Komponisten","publisher":{"@id":"https:\/\/nordbornverlag.de\/en\/#organization"},"potentialAction":[{"@type":"SearchAction","target":{"@type":"EntryPoint","urlTemplate":"https:\/\/nordbornverlag.de\/en\/?s={search_term_string}"},"query-input":{"@type":"PropertyValueSpecification","valueRequired":true,"valueName":"search_term_string"}}],"inLanguage":"en-US"},{"@type":"Organization","@id":"https:\/\/nordbornverlag.de\/en\/#organization","name":"NORDBORN Musikverlag","url":"https:\/\/nordbornverlag.de\/en\/","logo":{"@type":"ImageObject","inLanguage":"en-US","@id":"https:\/\/nordbornverlag.de\/en\/#\/schema\/logo\/image\/","url":"https:\/\/nordbornverlag.de\/wp-content\/uploads\/nordborn-logo_3-outset.svg","contentUrl":"https:\/\/nordbornverlag.de\/wp-content\/uploads\/nordborn-logo_3-outset.svg","width":484.41,"height":692.27,"caption":"NORDBORN Musikverlag"},"image":{"@id":"https:\/\/nordbornverlag.de\/en\/#\/schema\/logo\/image\/"}}]}},"_links":{"self":[{"href":"https:\/\/nordbornverlag.de\/en\/wp-json\/wp\/v2\/product\/1907","targetHints":{"allow":["GET"]}}],"collection":[{"href":"https:\/\/nordbornverlag.de\/en\/wp-json\/wp\/v2\/product"}],"about":[{"href":"https:\/\/nordbornverlag.de\/en\/wp-json\/wp\/v2\/types\/product"}],"wp:featuredmedia":[{"embeddable":true,"href":"https:\/\/nordbornverlag.de\/en\/wp-json\/wp\/v2\/media\/1513"}],"wp:attachment":[{"href":"https:\/\/nordbornverlag.de\/en\/wp-json\/wp\/v2\/media?parent=1907"}],"wp:term":[{"taxonomy":"product_brand","embeddable":true,"href":"https:\/\/nordbornverlag.de\/en\/wp-json\/wp\/v2\/product_brand?post=1907"},{"taxonomy":"product_cat","embeddable":true,"href":"https:\/\/nordbornverlag.de\/en\/wp-json\/wp\/v2\/product_cat?post=1907"},{"taxonomy":"product_tag","embeddable":true,"href":"https:\/\/nordbornverlag.de\/en\/wp-json\/wp\/v2\/product_tag?post=1907"}],"curies":[{"name":"wp","href":"https:\/\/api.w.org\/{rel}","templated":true}]}}